{"id":64,"date":"2024-05-25T08:39:48","date_gmt":"2024-05-25T11:39:48","guid":{"rendered":"https:\/\/majorbrindes.com\/bones\/?page_id=64"},"modified":"2024-06-24T17:29:08","modified_gmt":"2024-06-24T20:29:08","slug":"home","status":"publish","type":"page","link":"https:\/\/majorbrindes.com\/bones\/","title":{"rendered":"Major Brindes Prmocionais"},"content":{"rendered":"\t\t<div data-elementor-type=\"wp-page\" data-elementor-id=\"64\" class=\"elementor elementor-64\">\n\t\t\t\t<div class=\"elementor-element elementor-element-0d97991 e-flex e-con-boxed jltma-glass-effect-no e-con e-parent\" data-id=\"0d97991\" data-element_type=\"container\" data-settings=\"{&quot;background_background&quot;:&quot;classic&quot;}\">\n\t\t\t\t\t<div class=\"e-con-inner\">\n\t\t\t\t<div class=\"elementor-element elementor-element-5688bde jltma-glass-effect-no elementor-widget elementor-widget-heading\" data-id=\"5688bde\" data-element_type=\"widget\" data-widget_type=\"heading.default\">\n\t\t\t\t<div class=\"elementor-widget-container\">\n\t\t\t\t\t<h2 class=\"elementor-heading-title elementor-size-default\"><a href=\"http:\/\/www.majorbrindes.com\">Home<\/a><\/h2>\t\t\t\t<\/div>\n\t\t\t\t<\/div>\n\t\t\t\t<div class=\"elementor-element elementor-element-59dd837 jltma-glass-effect-no elementor-widget elementor-widget-heading\" data-id=\"59dd837\" data-element_type=\"widget\" data-widget_type=\"heading.default\">\n\t\t\t\t<div class=\"elementor-widget-container\">\n\t\t\t\t\t<h2 class=\"elementor-heading-title elementor-size-default\"><a href=\"https:\/\/majorbrindes.com\/bones\/home\/portifolio\/\">Portif\u00f3lio<\/a><\/h2>\t\t\t\t<\/div>\n\t\t\t\t<\/div>\n\t\t\t\t<div class=\"elementor-element elementor-element-0788106 jltma-glass-effect-no elementor-widget elementor-widget-heading\" data-id=\"0788106\" data-element_type=\"widget\" data-widget_type=\"heading.default\">\n\t\t\t\t<div class=\"elementor-widget-container\">\n\t\t\t\t\t<h2 class=\"elementor-heading-title elementor-size-default\">Solicite  um or\u00e7amento<\/h2>\t\t\t\t<\/div>\n\t\t\t\t<\/div>\n\t\t\t\t<div class=\"elementor-element elementor-element-0b1cdec jltma-glass-effect-no elementor-widget elementor-widget-heading\" data-id=\"0b1cdec\" data-element_type=\"widget\" data-widget_type=\"heading.default\">\n\t\t\t\t<div class=\"elementor-widget-container\">\n\t\t\t\t\t<h2 class=\"elementor-heading-title elementor-size-default\">Sobre<\/h2>\t\t\t\t<\/div>\n\t\t\t\t<\/div>\n\t\t\t\t\t<\/div>\n\t\t\t\t<\/div>\n\t\t<div class=\"elementor-element elementor-element-592fe0c e-flex e-con-boxed jltma-glass-effect-no e-con e-parent\" data-id=\"592fe0c\" data-element_type=\"container\" data-settings=\"{&quot;background_background&quot;:&quot;classic&quot;}\">\n\t\t\t\t\t<div class=\"e-con-inner\">\n\t\t<div class=\"elementor-element elementor-element-a9d561e e-flex e-con-boxed jltma-glass-effect-no e-con e-child\" data-id=\"a9d561e\" data-element_type=\"container\">\n\t\t\t\t\t<div class=\"e-con-inner\">\n\t\t\t\t<div class=\"elementor-element elementor-element-bdee9dd jltma-glass-effect-no elementor-widget elementor-widget-image\" data-id=\"bdee9dd\" data-element_type=\"widget\" data-widget_type=\"image.default\">\n\t\t\t\t<div class=\"elementor-widget-container\">\n\t\t\t\t\t\t\t\t\t\t\t\t\t\t\t<img decoding=\"async\" width=\"194\" height=\"226\" src=\"https:\/\/majorbrindes.com\/wp-content\/uploads\/2024\/05\/major-base-mv04gr0oKyHoeL0N.jpg\" class=\"attachment-large size-large wp-image-75\" alt=\"\" \/>\t\t\t\t\t\t\t\t\t\t\t\t\t\t\t<\/div>\n\t\t\t\t<\/div>\n\t\t\t\t\t<\/div>\n\t\t\t\t<\/div>\n\t\t\t\t\t<\/div>\n\t\t\t\t<\/div>\n\t\t<div class=\"elementor-element elementor-element-3f088d5 e-flex e-con-boxed jltma-glass-effect-no e-con e-parent\" data-id=\"3f088d5\" data-element_type=\"container\">\n\t\t\t\t\t<div class=\"e-con-inner\">\n\t\t<div class=\"elementor-element elementor-element-b6d18d0 e-flex e-con-boxed jltma-glass-effect-no e-con e-child\" data-id=\"b6d18d0\" data-element_type=\"container\">\n\t\t\t\t\t<div class=\"e-con-inner\">\n\t\t<div class=\"elementor-element elementor-element-2abf6bc e-flex e-con-boxed jltma-glass-effect-no e-con e-child\" data-id=\"2abf6bc\" data-element_type=\"container\">\n\t\t\t\t\t<div class=\"e-con-inner\">\n\t\t\t\t<div class=\"elementor-element elementor-element-e41b039 elementor-widget__width-initial elementor-widget-mobile__width-inherit jltma-glass-effect-no elementor-widget elementor-widget-text-editor\" data-id=\"e41b039\" data-element_type=\"widget\" data-widget_type=\"text-editor.default\">\n\t\t\t\t<div class=\"elementor-widget-container\">\n\t\t\t\t\t\t\t\t\t<p>Somo uma Empresa especializada na produ\u00e7\u00e3o de artigos promocionais para empresas e eventos, oferecendo produtos de qualidade e personaliza\u00e7\u00e3o exclusiva.<\/p>\t\t\t\t\t\t\t\t<\/div>\n\t\t\t\t<\/div>\n\t\t\t\t\t<\/div>\n\t\t\t\t<\/div>\n\t\t<div class=\"elementor-element elementor-element-146d2be e-flex e-con-boxed jltma-glass-effect-no e-con e-child\" data-id=\"146d2be\" data-element_type=\"container\">\n\t\t\t\t\t<div class=\"e-con-inner\">\n\t\t\t\t<div class=\"elementor-element elementor-element-1d94f2b jltma-glass-effect-no elementor-widget elementor-widget-image\" data-id=\"1d94f2b\" data-element_type=\"widget\" data-widget_type=\"image.default\">\n\t\t\t\t<div class=\"elementor-widget-container\">\n\t\t\t\t\t\t\t\t\t\t\t\t\t\t\t<img fetchpriority=\"high\" decoding=\"async\" width=\"700\" height=\"580\" src=\"https:\/\/majorbrindes.com\/wp-content\/uploads\/2024\/05\/design-sem-nome-74-dWxw4RXQXkIo8jMj_1.jpg\" class=\"attachment-large size-large wp-image-67\" alt=\"\" srcset=\"https:\/\/majorbrindes.com\/wp-content\/uploads\/2024\/05\/design-sem-nome-74-dWxw4RXQXkIo8jMj_1.jpg 700w, https:\/\/majorbrindes.com\/wp-content\/uploads\/2024\/05\/design-sem-nome-74-dWxw4RXQXkIo8jMj_1-300x249.jpg 300w\" sizes=\"(max-width: 700px) 100vw, 700px\" \/>\t\t\t\t\t\t\t\t\t\t\t\t\t\t\t<\/div>\n\t\t\t\t<\/div>\n\t\t\t\t\t<\/div>\n\t\t\t\t<\/div>\n\t\t\t\t\t<\/div>\n\t\t\t\t<\/div>\n\t\t\t\t\t<\/div>\n\t\t\t\t<\/div>\n\t\t<div class=\"elementor-element elementor-element-8384cd8 e-flex e-con-boxed jltma-glass-effect-no e-con e-parent\" data-id=\"8384cd8\" data-element_type=\"container\" data-settings=\"{&quot;background_background&quot;:&quot;classic&quot;}\">\n\t\t\t\t\t<div class=\"e-con-inner\">\n\t\t<div class=\"elementor-element elementor-element-bace1ed e-con-full e-flex jltma-glass-effect-no e-con e-child\" data-id=\"bace1ed\" data-element_type=\"container\">\n\t\t\t\t<div class=\"elementor-element elementor-element-827f69e jltma-glass-effect-no elementor-widget elementor-widget-heading\" data-id=\"827f69e\" data-element_type=\"widget\" data-widget_type=\"heading.default\">\n\t\t\t\t<div class=\"elementor-widget-container\">\n\t\t\t\t\t<h2 class=\"elementor-heading-title elementor-size-default\">Nossos Produtos<\/h2>\t\t\t\t<\/div>\n\t\t\t\t<\/div>\n\t\t\t\t<div class=\"elementor-element elementor-element-c918274 jltma-glass-effect-no elementor-widget elementor-widget-heading\" data-id=\"c918274\" data-element_type=\"widget\" data-widget_type=\"heading.default\">\n\t\t\t\t<div class=\"elementor-widget-container\">\n\t\t\t\t\t<h2 class=\"elementor-heading-title elementor-size-default\">ESCOLHA E CONFIRA!!!<\/h2>\t\t\t\t<\/div>\n\t\t\t\t<\/div>\n\t\t\t\t<div class=\"elementor-element elementor-element-48301b9 jltma-glass-effect-no elementor-widget elementor-widget-image\" data-id=\"48301b9\" data-element_type=\"widget\" data-widget_type=\"image.default\">\n\t\t\t\t<div class=\"elementor-widget-container\">\n\t\t\t\t\t\t\t\t\t\t\t\t\t\t\t<img decoding=\"async\" width=\"440\" height=\"411\" src=\"https:\/\/majorbrindes.com\/wp-content\/uploads\/2024\/05\/imagem-do-whatsapp-de-2023-09-29-a-s-08.35.40_ff974c0e-Yle2pB2QpwTpoBz0.jpg\" class=\"attachment-large size-large wp-image-68\" alt=\"\" srcset=\"https:\/\/majorbrindes.com\/wp-content\/uploads\/2024\/05\/imagem-do-whatsapp-de-2023-09-29-a-s-08.35.40_ff974c0e-Yle2pB2QpwTpoBz0.jpg 440w, https:\/\/majorbrindes.com\/wp-content\/uploads\/2024\/05\/imagem-do-whatsapp-de-2023-09-29-a-s-08.35.40_ff974c0e-Yle2pB2QpwTpoBz0-300x280.jpg 300w\" sizes=\"(max-width: 440px) 100vw, 440px\" \/>\t\t\t\t\t\t\t\t\t\t\t\t\t\t\t<\/div>\n\t\t\t\t<\/div>\n\t\t\t\t<\/div>\n\t\t<div class=\"elementor-element elementor-element-5ac9aec e-con-full e-flex jltma-glass-effect-no e-con e-child\" data-id=\"5ac9aec\" data-element_type=\"container\">\n\t\t\t\t<div class=\"elementor-element elementor-element-41d13ea jltma-glass-effect-no elementor-widget elementor-widget-image\" data-id=\"41d13ea\" data-element_type=\"widget\" data-widget_type=\"image.default\">\n\t\t\t\t<div class=\"elementor-widget-container\">\n\t\t\t\t\t\t\t\t\t\t\t\t\t\t\t<img loading=\"lazy\" decoding=\"async\" width=\"656\" height=\"668\" src=\"https:\/\/majorbrindes.com\/wp-content\/uploads\/2024\/05\/story-para-instagram-cultivo-agronega3cio-moderno-verde-e-branco-9-d953kEjy5VFpVN1b.jpg\" class=\"attachment-large size-large wp-image-69\" alt=\"\" srcset=\"https:\/\/majorbrindes.com\/wp-content\/uploads\/2024\/05\/story-para-instagram-cultivo-agronega3cio-moderno-verde-e-branco-9-d953kEjy5VFpVN1b.jpg 656w, https:\/\/majorbrindes.com\/wp-content\/uploads\/2024\/05\/story-para-instagram-cultivo-agronega3cio-moderno-verde-e-branco-9-d953kEjy5VFpVN1b-295x300.jpg 295w\" sizes=\"(max-width: 656px) 100vw, 656px\" \/>\t\t\t\t\t\t\t\t\t\t\t\t\t\t\t<\/div>\n\t\t\t\t<\/div>\n\t\t\t\t<\/div>\n\t\t<div class=\"elementor-element elementor-element-96d780e e-con-full e-flex jltma-glass-effect-no e-con e-child\" data-id=\"96d780e\" data-element_type=\"container\">\n\t\t<div class=\"elementor-element elementor-element-8d8c6e1 e-flex e-con-boxed jltma-glass-effect-no e-con e-child\" data-id=\"8d8c6e1\" data-element_type=\"container\">\n\t\t\t\t\t<div class=\"e-con-inner\">\n\t\t<div class=\"elementor-element elementor-element-37d7d25 e-con-full e-flex jltma-glass-effect-no e-con e-child\" data-id=\"37d7d25\" data-element_type=\"container\">\n\t\t\t\t<div class=\"elementor-element elementor-element-190e946 elementor-widget-mobile__width-initial jltma-glass-effect-no elementor-widget elementor-widget-heading\" data-id=\"190e946\" data-element_type=\"widget\" data-widget_type=\"heading.default\">\n\t\t\t\t<div class=\"elementor-widget-container\">\n\t\t\t\t\t<h2 class=\"elementor-heading-title elementor-size-default\">Bon\u00e9s<\/h2>\t\t\t\t<\/div>\n\t\t\t\t<\/div>\n\t\t\t\t<\/div>\n\t\t<div class=\"elementor-element elementor-element-7cb6a48 e-con-full e-flex jltma-glass-effect-no e-con e-child\" data-id=\"7cb6a48\" data-element_type=\"container\">\n\t\t\t\t<div class=\"elementor-element elementor-element-509e10b jltma-glass-effect-no elementor-widget elementor-widget-button\" data-id=\"509e10b\" data-element_type=\"widget\" data-widget_type=\"button.default\">\n\t\t\t\t<div class=\"elementor-widget-container\">\n\t\t\t\t\t\t\t\t\t<div class=\"elementor-button-wrapper\">\n\t\t\t\t\t<a class=\"elementor-button elementor-button-link elementor-size-sm\" href=\"https:\/\/majorbrindes.com\/bones\/home\/portifolio\/\">\n\t\t\t\t\t\t<span class=\"elementor-button-content-wrapper\">\n\t\t\t\t\t\t\t\t\t<span class=\"elementor-button-text\">Ver Mais<\/span>\n\t\t\t\t\t<\/span>\n\t\t\t\t\t<\/a>\n\t\t\t\t<\/div>\n\t\t\t\t\t\t\t\t<\/div>\n\t\t\t\t<\/div>\n\t\t\t\t<\/div>\n\t\t\t\t\t<\/div>\n\t\t\t\t<\/div>\n\t\t<div class=\"elementor-element elementor-element-0aa02f4 e-flex e-con-boxed jltma-glass-effect-no e-con e-child\" data-id=\"0aa02f4\" data-element_type=\"container\">\n\t\t\t\t\t<div class=\"e-con-inner\">\n\t\t<div class=\"elementor-element elementor-element-7ec56b9 e-con-full e-flex jltma-glass-effect-no e-con e-child\" data-id=\"7ec56b9\" data-element_type=\"container\">\n\t\t\t\t<div class=\"elementor-element elementor-element-25786aa elementor-widget-mobile__width-initial jltma-glass-effect-no elementor-widget elementor-widget-heading\" data-id=\"25786aa\" data-element_type=\"widget\" data-widget_type=\"heading.default\">\n\t\t\t\t<div class=\"elementor-widget-container\">\n\t\t\t\t\t<h2 class=\"elementor-heading-title elementor-size-default\">Chap\u00e9us<\/h2>\t\t\t\t<\/div>\n\t\t\t\t<\/div>\n\t\t\t\t<\/div>\n\t\t<div class=\"elementor-element elementor-element-942e139 e-con-full e-flex jltma-glass-effect-no e-con e-child\" data-id=\"942e139\" data-element_type=\"container\">\n\t\t\t\t<div class=\"elementor-element elementor-element-a1a1642 jltma-glass-effect-no elementor-widget elementor-widget-button\" data-id=\"a1a1642\" data-element_type=\"widget\" data-widget_type=\"button.default\">\n\t\t\t\t<div class=\"elementor-widget-container\">\n\t\t\t\t\t\t\t\t\t<div class=\"elementor-button-wrapper\">\n\t\t\t\t\t<a class=\"elementor-button elementor-button-link elementor-size-sm\" href=\"https:\/\/majorbrindes.com\/bones\/home\/portifolio\/\">\n\t\t\t\t\t\t<span class=\"elementor-button-content-wrapper\">\n\t\t\t\t\t\t\t\t\t<span class=\"elementor-button-text\">Ver Mais<\/span>\n\t\t\t\t\t<\/span>\n\t\t\t\t\t<\/a>\n\t\t\t\t<\/div>\n\t\t\t\t\t\t\t\t<\/div>\n\t\t\t\t<\/div>\n\t\t\t\t<\/div>\n\t\t\t\t\t<\/div>\n\t\t\t\t<\/div>\n\t\t<div class=\"elementor-element elementor-element-8032755 e-flex e-con-boxed jltma-glass-effect-no e-con e-child\" data-id=\"8032755\" data-element_type=\"container\">\n\t\t\t\t\t<div class=\"e-con-inner\">\n\t\t<div class=\"elementor-element elementor-element-6e759ec e-con-full e-flex jltma-glass-effect-no e-con e-child\" data-id=\"6e759ec\" data-element_type=\"container\">\n\t\t\t\t<div class=\"elementor-element elementor-element-b84faca elementor-widget-mobile__width-initial jltma-glass-effect-no elementor-widget elementor-widget-heading\" data-id=\"b84faca\" data-element_type=\"widget\" data-widget_type=\"heading.default\">\n\t\t\t\t<div class=\"elementor-widget-container\">\n\t\t\t\t\t<h2 class=\"elementor-heading-title elementor-size-default\">Viseiras<\/h2>\t\t\t\t<\/div>\n\t\t\t\t<\/div>\n\t\t\t\t<\/div>\n\t\t<div class=\"elementor-element elementor-element-aa00c8f e-con-full e-flex jltma-glass-effect-no e-con e-child\" data-id=\"aa00c8f\" data-element_type=\"container\">\n\t\t\t\t<div class=\"elementor-element elementor-element-ce12c3b elementor-widget-mobile__width-initial jltma-glass-effect-no elementor-widget elementor-widget-button\" data-id=\"ce12c3b\" data-element_type=\"widget\" data-widget_type=\"button.default\">\n\t\t\t\t<div class=\"elementor-widget-container\">\n\t\t\t\t\t\t\t\t\t<div class=\"elementor-button-wrapper\">\n\t\t\t\t\t<a class=\"elementor-button elementor-button-link elementor-size-sm\" href=\"https:\/\/majorbrindes.com\/bones\/home\/portifolio\/\">\n\t\t\t\t\t\t<span class=\"elementor-button-content-wrapper\">\n\t\t\t\t\t\t\t\t\t<span class=\"elementor-button-text\">Ver Mais<\/span>\n\t\t\t\t\t<\/span>\n\t\t\t\t\t<\/a>\n\t\t\t\t<\/div>\n\t\t\t\t\t\t\t\t<\/div>\n\t\t\t\t<\/div>\n\t\t\t\t<\/div>\n\t\t\t\t\t<\/div>\n\t\t\t\t<\/div>\n\t\t<div class=\"elementor-element elementor-element-71858b6 e-flex e-con-boxed jltma-glass-effect-no e-con e-child\" data-id=\"71858b6\" data-element_type=\"container\">\n\t\t\t\t\t<div class=\"e-con-inner\">\n\t\t<div class=\"elementor-element elementor-element-4afb406 e-con-full e-flex jltma-glass-effect-no e-con e-child\" data-id=\"4afb406\" data-element_type=\"container\">\n\t\t\t\t<div class=\"elementor-element elementor-element-ea760ba elementor-widget-mobile__width-initial jltma-glass-effect-no elementor-widget elementor-widget-heading\" data-id=\"ea760ba\" data-element_type=\"widget\" data-widget_type=\"heading.default\">\n\t\t\t\t<div class=\"elementor-widget-container\">\n\t\t\t\t\t<h2 class=\"elementor-heading-title elementor-size-default\">Camisetas e Camisas polo<\/h2>\t\t\t\t<\/div>\n\t\t\t\t<\/div>\n\t\t\t\t<\/div>\n\t\t<div class=\"elementor-element elementor-element-ddfe1ef e-con-full e-flex jltma-glass-effect-no e-con e-child\" data-id=\"ddfe1ef\" data-element_type=\"container\">\n\t\t\t\t<div class=\"elementor-element elementor-element-de7e3fd jltma-glass-effect-no elementor-widget elementor-widget-button\" data-id=\"de7e3fd\" data-element_type=\"widget\" data-widget_type=\"button.default\">\n\t\t\t\t<div class=\"elementor-widget-container\">\n\t\t\t\t\t\t\t\t\t<div class=\"elementor-button-wrapper\">\n\t\t\t\t\t<a class=\"elementor-button elementor-button-link elementor-size-sm\" href=\"https:\/\/majorbrindes.com\/bones\/home\/portifolio\/\">\n\t\t\t\t\t\t<span class=\"elementor-button-content-wrapper\">\n\t\t\t\t\t\t\t\t\t<span class=\"elementor-button-text\">Ver Mais<\/span>\n\t\t\t\t\t<\/span>\n\t\t\t\t\t<\/a>\n\t\t\t\t<\/div>\n\t\t\t\t\t\t\t\t<\/div>\n\t\t\t\t<\/div>\n\t\t\t\t<\/div>\n\t\t\t\t\t<\/div>\n\t\t\t\t<\/div>\n\t\t<div class=\"elementor-element elementor-element-f75e4d1 e-flex e-con-boxed jltma-glass-effect-no e-con e-child\" data-id=\"f75e4d1\" data-element_type=\"container\">\n\t\t\t\t\t<div class=\"e-con-inner\">\n\t\t<div class=\"elementor-element elementor-element-bfc4b0b e-con-full e-flex jltma-glass-effect-no e-con e-child\" data-id=\"bfc4b0b\" data-element_type=\"container\">\n\t\t\t\t<div class=\"elementor-element elementor-element-1d482ea elementor-widget-mobile__width-initial jltma-glass-effect-no elementor-widget elementor-widget-heading\" data-id=\"1d482ea\" data-element_type=\"widget\" data-widget_type=\"heading.default\">\n\t\t\t\t<div class=\"elementor-widget-container\">\n\t\t\t\t\t<h2 class=\"elementor-heading-title elementor-size-default\">Eco Bags e Sacolinhas<\/h2>\t\t\t\t<\/div>\n\t\t\t\t<\/div>\n\t\t\t\t<\/div>\n\t\t<div class=\"elementor-element elementor-element-154d696 e-con-full e-flex jltma-glass-effect-no e-con e-child\" data-id=\"154d696\" data-element_type=\"container\">\n\t\t\t\t<div class=\"elementor-element elementor-element-a96ccf4 jltma-glass-effect-no elementor-widget elementor-widget-button\" data-id=\"a96ccf4\" data-element_type=\"widget\" data-widget_type=\"button.default\">\n\t\t\t\t<div class=\"elementor-widget-container\">\n\t\t\t\t\t\t\t\t\t<div class=\"elementor-button-wrapper\">\n\t\t\t\t\t<a class=\"elementor-button elementor-button-link elementor-size-sm\" href=\"https:\/\/majorbrindes.com\/bones\/home\/portifolio\/\">\n\t\t\t\t\t\t<span class=\"elementor-button-content-wrapper\">\n\t\t\t\t\t\t\t\t\t<span class=\"elementor-button-text\">Ver Mais<\/span>\n\t\t\t\t\t<\/span>\n\t\t\t\t\t<\/a>\n\t\t\t\t<\/div>\n\t\t\t\t\t\t\t\t<\/div>\n\t\t\t\t<\/div>\n\t\t\t\t<\/div>\n\t\t\t\t\t<\/div>\n\t\t\t\t<\/div>\n\t\t<div class=\"elementor-element elementor-element-b317626 e-flex e-con-boxed jltma-glass-effect-no e-con e-child\" data-id=\"b317626\" data-element_type=\"container\">\n\t\t\t\t\t<div class=\"e-con-inner\">\n\t\t<div class=\"elementor-element elementor-element-4a557f4 e-con-full e-flex jltma-glass-effect-no e-con e-child\" data-id=\"4a557f4\" data-element_type=\"container\">\n\t\t\t\t<div class=\"elementor-element elementor-element-b574de9 elementor-widget-mobile__width-initial jltma-glass-effect-no elementor-widget elementor-widget-heading\" data-id=\"b574de9\" data-element_type=\"widget\" data-widget_type=\"heading.default\">\n\t\t\t\t<div class=\"elementor-widget-container\">\n\t\t\t\t\t<h2 class=\"elementor-heading-title elementor-size-default\">Necessaries e outros<\/h2>\t\t\t\t<\/div>\n\t\t\t\t<\/div>\n\t\t\t\t<\/div>\n\t\t<div class=\"elementor-element elementor-element-53bc6f5 e-con-full e-flex jltma-glass-effect-no e-con e-child\" data-id=\"53bc6f5\" data-element_type=\"container\">\n\t\t\t\t<div class=\"elementor-element elementor-element-6a472d1 jltma-glass-effect-no elementor-widget elementor-widget-button\" data-id=\"6a472d1\" data-element_type=\"widget\" data-widget_type=\"button.default\">\n\t\t\t\t<div class=\"elementor-widget-container\">\n\t\t\t\t\t\t\t\t\t<div class=\"elementor-button-wrapper\">\n\t\t\t\t\t<a class=\"elementor-button elementor-button-link elementor-size-sm\" href=\"https:\/\/majorbrindes.com\/bones\/home\/portifolio\/\">\n\t\t\t\t\t\t<span class=\"elementor-button-content-wrapper\">\n\t\t\t\t\t\t\t\t\t<span class=\"elementor-button-text\">Ver Mais<\/span>\n\t\t\t\t\t<\/span>\n\t\t\t\t\t<\/a>\n\t\t\t\t<\/div>\n\t\t\t\t\t\t\t\t<\/div>\n\t\t\t\t<\/div>\n\t\t\t\t<\/div>\n\t\t\t\t\t<\/div>\n\t\t\t\t<\/div>\n\t\t\t\t<\/div>\n\t\t<div class=\"elementor-element elementor-element-3cde99e e-con-full e-flex jltma-glass-effect-no e-con e-child\" data-id=\"3cde99e\" data-element_type=\"container\">\n\t\t\t\t<div class=\"elementor-element elementor-element-96f92ab elementor-fixed jltma-glass-effect-no elementor-widget elementor-widget-image\" data-id=\"96f92ab\" data-element_type=\"widget\" data-settings=\"{&quot;_position&quot;:&quot;fixed&quot;}\" data-widget_type=\"image.default\">\n\t\t\t\t<div class=\"elementor-widget-container\">\n\t\t\t\t\t\t\t\t\t\t\t\t\t\t\t\t<a href=\"https:\/\/api.whatsapp.com\/send?phone=5543996192122&#038;text=Ol%C3%A1,%20Gostaria%20de%20saber%20mais%20sobre%20brindes%20personalizados%20com%20a%20Major%20Brindes.\">\n\t\t\t\t\t\t\t<img loading=\"lazy\" decoding=\"async\" width=\"296\" height=\"305\" src=\"https:\/\/majorbrindes.com\/wp-content\/uploads\/2024\/05\/gametiles_com.whatsapp.w4b-removebg-preview.png\" class=\"attachment-large size-large wp-image-228\" alt=\"\" srcset=\"https:\/\/majorbrindes.com\/wp-content\/uploads\/2024\/05\/gametiles_com.whatsapp.w4b-removebg-preview.png 296w, https:\/\/majorbrindes.com\/wp-content\/uploads\/2024\/05\/gametiles_com.whatsapp.w4b-removebg-preview-291x300.png 291w\" sizes=\"(max-width: 296px) 100vw, 296px\" \/>\t\t\t\t\t\t\t\t<\/a>\n\t\t\t\t\t\t\t\t\t\t\t\t\t\t\t<\/div>\n\t\t\t\t<\/div>\n\t\t\t\t<\/div>\n\t\t\t\t\t<\/div>\n\t\t\t\t<\/div>\n\t\t<div class=\"elementor-element elementor-element-d613071 e-flex e-con-boxed jltma-glass-effect-no e-con e-parent\" data-id=\"d613071\" data-element_type=\"container\" data-settings=\"{&quot;background_background&quot;:&quot;classic&quot;}\">\n\t\t\t\t\t<div class=\"e-con-inner\">\n\t\t<div class=\"elementor-element elementor-element-faa56cf e-con-full e-flex jltma-glass-effect-no e-con e-child\" data-id=\"faa56cf\" data-element_type=\"container\">\n\t\t\t\t<div class=\"elementor-element elementor-element-67f69b8 jltma-glass-effect-no elementor-widget elementor-widget-image\" data-id=\"67f69b8\" data-element_type=\"widget\" data-widget_type=\"image.default\">\n\t\t\t\t<div class=\"elementor-widget-container\">\n\t\t\t\t\t\t\t\t\t\t\t\t\t\t\t<img decoding=\"async\" width=\"194\" height=\"226\" src=\"https:\/\/majorbrindes.com\/wp-content\/uploads\/2024\/05\/major-base-mv04gr0oKyHoeL0N.jpg\" class=\"attachment-large size-large wp-image-75\" alt=\"\" \/>\t\t\t\t\t\t\t\t\t\t\t\t\t\t\t<\/div>\n\t\t\t\t<\/div>\n\t\t\t\t<\/div>\n\t\t<div class=\"elementor-element elementor-element-8c5bdec e-flex e-con-boxed jltma-glass-effect-no e-con e-child\" data-id=\"8c5bdec\" data-element_type=\"container\">\n\t\t\t\t\t<div class=\"e-con-inner\">\n\t\t\t\t<div class=\"elementor-element elementor-element-c3e9d91 jltma-glass-effect-no elementor-widget elementor-widget-text-editor\" data-id=\"c3e9d91\" data-element_type=\"widget\" data-widget_type=\"text-editor.default\">\n\t\t\t\t<div class=\"elementor-widget-container\">\n\t\t\t\t\t\t\t\t\t<p>Major Ind. e Com. de brindes Promocionais Ltda.<br \/>CNPJ: 48.777.166\/0001-45\u00a0 \u00a0Insc. Estadual: 9097648821<br \/>Rua valdemar Alberto Schaiske n\u00ba136 Residencial Interlagos<br \/>CEP: 86.802-789\u00a0 \u00a0 APUCARANA-PR<\/p>\t\t\t\t\t\t\t\t<\/div>\n\t\t\t\t<\/div>\n\t\t\t\t\t<\/div>\n\t\t\t\t<\/div>\n\t\t\t\t\t<\/div>\n\t\t\t\t<\/div>\n\t\t\t\t<\/div>\n\t\t","protected":false},"excerpt":{"rendered":"<p>Home Portif\u00f3lio Solicite um or\u00e7amento Sobre Somo uma Empresa especializada na produ\u00e7\u00e3o de artigos promocionais para empresas e eventos, oferecendo produtos de qualidade e personaliza\u00e7\u00e3o exclusiva. Nossos Produtos ESCOLHA E CONFIRA!!! Bon\u00e9s Ver Mais Chap\u00e9us Ver Mais Viseiras Ver Mais Camisetas e Camisas polo Ver Mais Eco Bags e Sacolinhas Ver Mais Necessaries e outros [&hellip;]<\/p>\n","protected":false},"author":1,"featured_media":0,"parent":0,"menu_order":0,"comment_status":"closed","ping_status":"closed","template":"","meta":{"_monsterinsights_skip_tracking":false,"_monsterinsights_sitenote_active":false,"_monsterinsights_sitenote_note":"","_monsterinsights_sitenote_category":0,"footnotes":""},"class_list":["post-64","page","type-page","status-publish","hentry"],"aioseo_notices":[],"_links":{"self":[{"href":"https:\/\/majorbrindes.com\/bones\/wp-json\/wp\/v2\/pages\/64"}],"collection":[{"href":"https:\/\/majorbrindes.com\/bones\/wp-json\/wp\/v2\/pages"}],"about":[{"href":"https:\/\/majorbrindes.com\/bones\/wp-json\/wp\/v2\/types\/page"}],"author":[{"embeddable":true,"href":"https:\/\/majorbrindes.com\/bones\/wp-json\/wp\/v2\/users\/1"}],"replies":[{"embeddable":true,"href":"https:\/\/majorbrindes.com\/bones\/wp-json\/wp\/v2\/comments?post=64"}],"version-history":[{"count":32,"href":"https:\/\/majorbrindes.com\/bones\/wp-json\/wp\/v2\/pages\/64\/revisions"}],"predecessor-version":[{"id":486,"href":"https:\/\/majorbrindes.com\/bones\/wp-json\/wp\/v2\/pages\/64\/revisions\/486"}],"wp:attachment":[{"href":"https:\/\/majorbrindes.com\/bones\/wp-json\/wp\/v2\/media?parent=64"}],"curies":[{"name":"wp","href":"https:\/\/api.w.org\/{rel}","templated":true}]}}